{"id":2,"date":"2009-09-29T16:38:04","date_gmt":"2009-09-29T14:38:04","guid":{"rendered":"http:\/\/localhost:8888\/pallavolocorinaldo\/?page_id=2"},"modified":"2012-10-05T16:02:10","modified_gmt":"2012-10-05T14:02:10","slug":"info","status":"publish","type":"page","link":"http:\/\/www.pallavolocorinaldo.it\/?page_id=2","title":{"rendered":"La storia"},"content":{"rendered":"<p style=\"text-align: center;\"><img decoding=\"async\" loading=\"lazy\" class=\"size-medium wp-image-1779  aligncenter\" title=\"AVIS\" src=\"http:\/\/www.pallavolocorinaldo.it\/wp-content\/uploads\/2009\/09\/AVIS-212x300.jpg\" alt=\"AVIS\" width=\"212\" height=\"300\" srcset=\"http:\/\/www.pallavolocorinaldo.it\/wp-content\/uploads\/2009\/09\/AVIS-212x300.jpg 212w, http:\/\/www.pallavolocorinaldo.it\/wp-content\/uploads\/2009\/09\/AVIS.jpg 227w\" sizes=\"(max-width: 212px) 100vw, 212px\" \/><\/p>\n<p style=\"text-align: justify;\">La Societ\u00e0\u00a0nasce nel 1985, da un gruppo\u00a0sportivo formato per &#8220;gioco&#8221;\u00a0poi diventato, grazie anche all&#8217;aiuto dell&#8217;Avis di Corinaldo, tutt&#8217;ora primo partner della pallavolo del paese, una vera e propra societ\u00e0 sportiva.\u00a0Da\u00a0sempre lavora a livello femminile e maschile nel settore giovanile.\u00a0\u00a0 I primi anni sono tutti di rodaggio\u00a0e vengono utilizzati per gettare le basi future. Nel 1986\/87\u00a0 l&#8217; Avis Pallavolo vince il campionato di 2^ divisione femminile e automaticamente viene promossa in 1^ divisione Provinciale. Nel 1988\/89 \u00e8 la stagione del primo vero grande traguardo raggiunto: la serie D arrivando\u00a0seconda nel proprio campionato. La squadra rimane in serie D per quattro anni giocando le partite casalinghe ad Ostra perch\u00e8 la palestra di Corinaldo non rientrava nei requisiti minimi per poter giocare una partita di volley. Nel 1991\/92\u00a0l&#8217;Avis retrocede dalla serie D al campionato Provinciale di\u00a0prima divisione ma, nello stesso anno per la prima volta a Corinaldo\u00a0viene fondata\u00a0una squadra seniores maschile che partecipa al campionato di\u00a0seconda divisione vincendolo. Le due squadre parteciperanno negli anni successivi ai campionati di\u00a0prima divisione\u00a0con risultati altalenanti; \u00a0le ragazze\u00a0sfioreranno per ben\u00a0due volte la promozione in serie D mentre il gruppo dei ragazzi dopo due anni di campionato\u00a0dovranno ritirarsi causa una panchina troppo corta.<\/p>\n<p style=\"text-align: justify;\">In tutti questi anni la societ\u00e0 ha lavorato intensamente sul settore giovanile ottenendo ottimi risultati (due semifinali provinciali del campionato Juniores, semifinali nel campionato Allieve e\u00a0Ragazze\u00a0e quarti di finale in tanti altri campionati). Nel 1993\u00a0\u00a0la societ\u00e0 partecipa\u00a0a 7 campionati: Allieve, Allievi, Ragazze, Ragazzi, Juniores e terza\u00a0divisione femminile vincendo il campionato e la prima divisione femminile perdendo lo spareggio per la serie D.<br \/>\nLa squadra, per tutta la stagione gioca nel palazzetto di Monte Porzio.<br \/>\nIn tutti questi anni si sono succeduti tre presidenti, Saccinto Luigi, Talarico Giuseppe e\u00a0 Mazzarini Giuseppe.<\/p>\n<p style=\"text-align: justify;\">La Societ\u00e0\u00a0continua, durante gli anni a partecipare\u00a0ai campionati Provinciali di: 1^ e 2^ divisione femminile, 2^ div. maschile, Ragazze, Ragazzi e Allieve; in pi\u00f9, con il tempo anche il vivaio dei bambini e bambine del minivolley cresce sempre pi\u00f9 (il famoso ricambio generazionale!).<\/p>\n<p style=\"text-align: justify;\">\n<img decoding=\"async\" loading=\"lazy\" class=\"size-thumbnail wp-image-1814  alignleft\" style=\"border-style: none; margin: 0px; padding: 0px; text-align: center; background-color: #f3f3f3;\" title=\"Gianni Tarsi\" src=\"http:\/\/www.pallavolocorinaldo.it\/wp-content\/uploads\/2009\/09\/Gianni-150x150.jpg\" alt=\"Gianni Tarsi\" width=\"150\" height=\"150\" \/>La societ\u00e0,\u00a0grazie al\u00a0costante lavoro\u00a0dell&#8217;allenatore Gianni Tarsi\u00a0e grazie al talento e\u00a0alla passione di due giocatori,\u00a0Santini Christian e Maori Lorenzo riesce a far approdare\u00a0i due corinaldesi nelle file\u00a0del Falconara, allora uno dei vivai pi\u00f9 forti a livello nazionale, con squadre giovanili sempre al\u00a0primo posto in tutti i campionati giovanili.\u00a0 Christian diventer\u00e0 campione italiano per due anni\u00a0consecutivi nell\u2019under 16 mentre Lorenzo avr\u00e0 l&#8217;onore di gareggiare in competizioni a livello nazionale.<\/p>\n<p style=\"text-align: justify;\">Gli isritti totali\u00a0dal minivolley alla prima squadra sono 110 di cui 15 provengono dai paesi limitrofi.<\/p>\n<p style=\"text-align: justify;\"><!--nextpage--><\/p>\n<p style=\"text-align: justify;\"><strong>Attivit\u00e0 agonistica 1997\/98<\/strong><\/p>\n<p style=\"text-align: justify;\">In questa stagione la societ\u00e0 partecipa a\u00a0quattro campionati Provinciali: 1^divisione femminile, 2^division femminile,<br \/>\ncampionato ragazze e campionato ragazzi e ad un campionato regionale allieve.<\/p>\n<p style=\"text-align: justify;\"><strong>1^ divisione femminile:<\/strong><br \/>\nPromozione in serie \u201cD\u201d regionale ottenuta con 21 vittorie di seguito e promozione assicurata con\u00a0sei giornate di anticipo.(La vittoria decisiva \u00e8 con la CAR AUDIO SYSTEM di Senigallia 3 &#8211; 0 ). Su 22 partite 21 vittorie e una sconfitta con 63 set vinti e appena 9 persi.<\/p>\n<p style=\"text-align: justify;\"><strong>2^divisione femminile:<\/strong><br \/>\nAnche qui sfiorata la promozione, forse \u00e8 fallita\u00a0pi\u00f9 per la stanchezza finale che altro; la giovane squadra (tutte dell\u201982) ha perso gli spareggi per salire di categoria.<br \/>\nSu 14 partite 11 vittorie e 3 sconfitte con 36 set vinti e 19 set persi.<\/p>\n<p style=\"text-align: justify;\"><strong>Camp. Provinciale Ragazze:<\/strong><br \/>\nE\u2019 la stessa squadra che ha partecipato alla 2^divisione. ma che in questo campionato ha sfiorato il capolavoro.<br \/>\nLa squadra ha vinto la prima fase, superati gli ottavi di finale ,poi i quarti fino ad approdare\u00a0alle semifinali dove ha perso con la PIERALISI Jesi, la quale poi\u00a0ha vinto il titolo Provinciale.<br \/>\nIl passaggio alle semifinali consetiva alla squadra di partecipare al campionato Regionale; vinta la\u00a0prima fase le ragazze hanno ceduto poi in semifinale.<\/p>\n<p style=\"text-align: justify;\"><strong>Camp. Provinciale Ragazzi:<\/strong><br \/>\nLa squadra \u00e8 arrivata seconda nella prima fase ed \u00e8 approdata ai quarti\u00a0di finale dove ha incontrato la SIRA Falconara ed \u00e8 stata eliminata. La squadra ha ottenuto un buon risultato accedendo alla seconda fase trovandosi in un girone forte, il nostro obiettivo era il passaggio alla fase successiva ed \u00e8 stato centrato.<\/p>\n<p style=\"text-align: justify;\"><strong>Camp. Regionale Allieve:<\/strong><br \/>\nSquadra priva di esperienza al di l\u00e0 delle pi\u00f9 rosee aspettative \u00e8 arrivata agli\u00a0ottavi di finale Regionali.<br \/>\nNella prima fase\u00a0le ragazze sono\u00a0salite sul gradino pi\u00f9 alto del podio\u00a0con 10 vittorie su 10 partite e passaggio garantito alla seconda fase. Nella seconda fase con 12 vittorie su 16 partite\u00a0la squadra \u00e8 approdata\u00a0agli\u00a0ottavi di finale dove il sorteggio\u00a0l&#8217;ha messa contro due squadre molto forti e in quel momento l&#8217;avventura \u00e8 finita.<\/p>\n<p style=\"text-align: justify;\"><!--nextpage--><strong>Attivit\u00e0 agonistica 1998\/99<\/strong><\/p>\n<p style=\"text-align: justify;\">In questa annata la\u00a0societ\u00e0 ha partecipato a\u00a0due campionati Regionali allieve e alla serie D femminile, ottenendo buoni risultati. Quattro campionati Provinciali: 2^divisione femminile e maschile, campionato Juniores e Ragazze<\/p>\n<p style=\"text-align: justify;\"><strong>Serie D femminile:<\/strong><\/p>\n<p style=\"text-align: justify;\"><strong>Camp. Regionale Allieve:<\/strong><br \/>\nSquadra priva di esperienza al di l\u00e0 delle pi\u00f9 rosee aspettative \u00e8 arrivata agli ottavi di finale Regionali.<br \/>\nNella prima fase siamo arrivati 1\u00b0 con 10 vittorie su 10 partite e passaggio garantito alla seconda fase. Nella seconda fase con 12 vittorie su 16 partite siamo approdati agli 1\/8 di finale dove il sorteggio ci ha messo contro due squadre molto forti e li \u00e8 finita la nostra avventura.<\/p>\n<p style=\"text-align: justify;\"><strong>2^divisione femminile:<\/strong><br \/>\nAnche qui sfiorata la promozione, forse \u00e8 fallita + per la stanchezza finale che altro, la giovane squadra (tutte dell\u201982) ha perso gli spareggi per salire di categoria.<br \/>\nSu 14 partite 11 vittorie e 3 sconfitte con 36 set vinti e 19 set persi.<\/p>\n<p style=\"text-align: justify;\"><strong>2^divisione maschile:<\/strong><\/p>\n<p style=\"text-align: justify;\"><strong>Camp. Provinciale Juniores femminile:<\/strong><\/p>\n<p style=\"text-align: justify;\"><strong>Camp. Provinciale Ragazze:<\/strong><br \/>\nE\u2019 la stessa squadra che ha partecipato alla 2^div., in questo campionato ha sfiorato il capolavoro.<br \/>\nLa squadra ha vinto la prima fase, superati gli 1\/8 di finale, poi i 1\/4 e \u00e8 approdata alla semifinale dove ha perso con la PIERALISI Jesi, la quale poi ha vinto il titolo Provinciale.<br \/>\nIl passaggio alle semifinali ci consetiva di partecipare al camp. Regionale, abbiamo vinto la 1^ fase e poi perso la semifinale Regionale.<\/p>\n","protected":false},"excerpt":{"rendered":"<p>La Societ\u00e0\u00a0nasce nel 1985, da un gruppo\u00a0sportivo formato per &#8220;gioco&#8221;\u00a0poi diventato, grazie anche all&#8217;aiuto dell&#8217;Avis di Corinaldo, tutt&#8217;ora primo partner della pallavolo del paese, una vera e propra societ\u00e0 sportiva.\u00a0Da\u00a0sempre lavora a livello femminile e maschile nel settore giovanile.\u00a0\u00a0 I primi anni sono tutti di rodaggio\u00a0e vengono utilizzati per gettare le basi future. Nel 1986\/87\u00a0 [&hellip;]<\/p>\n","protected":false},"author":1,"featured_media":0,"parent":0,"menu_order":0,"comment_status":"closed","ping_status":"closed","template":"","meta":{"ngg_post_thumbnail":0},"_links":{"self":[{"href":"http:\/\/www.pallavolocorinaldo.it\/index.php?rest_route=\/wp\/v2\/pages\/2"}],"collection":[{"href":"http:\/\/www.pallavolocorinaldo.it\/index.php?rest_route=\/wp\/v2\/pages"}],"about":[{"href":"http:\/\/www.pallavolocorinaldo.it\/index.php?rest_route=\/wp\/v2\/types\/page"}],"author":[{"embeddable":true,"href":"http:\/\/www.pallavolocorinaldo.it\/index.php?rest_route=\/wp\/v2\/users\/1"}],"replies":[{"embeddable":true,"href":"http:\/\/www.pallavolocorinaldo.it\/index.php?rest_route=%2Fwp%2Fv2%2Fcomments&post=2"}],"version-history":[{"count":28,"href":"http:\/\/www.pallavolocorinaldo.it\/index.php?rest_route=\/wp\/v2\/pages\/2\/revisions"}],"predecessor-version":[{"id":1818,"href":"http:\/\/www.pallavolocorinaldo.it\/index.php?rest_route=\/wp\/v2\/pages\/2\/revisions\/1818"}],"wp:attachment":[{"href":"http:\/\/www.pallavolocorinaldo.it\/index.php?rest_route=%2Fwp%2Fv2%2Fmedia&parent=2"}],"curies":[{"name":"wp","href":"https:\/\/api.w.org\/{rel}","templated":true}]}}